{"id":12,"date":"2018-11-27T09:17:28","date_gmt":"2018-11-27T09:17:28","guid":{"rendered":"http:\/\/jezierzyce.com\/index.php\/services\/"},"modified":"2020-10-01T11:40:17","modified_gmt":"2020-10-01T09:40:17","slug":"nocleg","status":"publish","type":"page","link":"https:\/\/jezierzyce.com\/en\/nocleg\/","title":{"rendered":"Accomodation"},"content":{"rendered":"<div data-elementor-type=\"wp-post\" data-elementor-id=\"12\" class=\"elementor elementor-12\">\n\t\t\t\t\t\t<section class=\"elementor-section elementor-top-section elementor-element elementor-element-33a79095 elementor-section-height-min-height elementor-section-boxed elementor-section-height-default elementor-section-items-middle\" data-id=\"33a79095\" data-element_type=\"section\" data-e-type=\"section\" data-settings=\"{&quot;background_background&quot;:&quot;classic&quot;}\">\n\t\t\t\t\t\t\t<div class=\"elementor-background-overlay\"><\/div>\n\t\t\t\t\t\t\t<div class=\"elementor-container elementor-column-gap-default\">\n\t\t\t\t\t<div class=\"elementor-column elementor-col-33 elementor-top-column elementor-element elementor-element-b7194dc\" data-id=\"b7194dc\" data-element_type=\"column\" data-e-type=\"column\">\n\t\t\t<div class=\"elementor-widget-wrap\">\n\t\t\t\t\t\t\t<\/div>\n\t\t<\/div>\n\t\t\t\t<div class=\"elementor-column elementor-col-33 elementor-top-column elementor-element elementor-element-3706530d\" data-id=\"3706530d\" data-element_type=\"column\" data-e-type=\"column\">\n\t\t\t<div class=\"elementor-widget-wrap elementor-element-populated\">\n\t\t\t\t\t\t<div class=\"elementor-element elementor-element-537de1f elementor-widget elementor-widget-heading\" data-id=\"537de1f\" data-element_type=\"widget\" data-e-type=\"widget\" data-widget_type=\"heading.default\">\n\t\t\t\t<div class=\"elementor-widget-container\">\n\t\t\t\t\t<h1 class=\"elementor-heading-title elementor-size-default\">Accomodation<\/h1>\t\t\t\t<\/div>\n\t\t\t\t<\/div>\n\t\t\t\t\t<\/div>\n\t\t<\/div>\n\t\t\t\t<div class=\"elementor-column elementor-col-33 elementor-top-column elementor-element elementor-element-4788e5dc\" data-id=\"4788e5dc\" data-element_type=\"column\" data-e-type=\"column\">\n\t\t\t<div class=\"elementor-widget-wrap\">\n\t\t\t\t\t\t\t<\/div>\n\t\t<\/div>\n\t\t\t\t\t<\/div>\n\t\t<\/section>\n\t\t\t\t<section class=\"elementor-section elementor-top-section elementor-element elementor-element-2dbed9a elementor-section-stretched elementor-section-boxed elementor-section-height-default elementor-section-height-default\" data-id=\"2dbed9a\" data-element_type=\"section\" data-e-type=\"section\" data-settings=\"{&quot;stretch_section&quot;:&quot;section-stretched&quot;}\">\n\t\t\t\t\t\t\t<div class=\"elementor-background-overlay\"><\/div>\n\t\t\t\t\t\t\t<div class=\"elementor-container elementor-column-gap-default\">\n\t\t\t\t\t<div class=\"elementor-column elementor-col-33 elementor-top-column elementor-element elementor-element-c54645a\" data-id=\"c54645a\" data-element_type=\"column\" data-e-type=\"column\">\n\t\t\t<div class=\"elementor-widget-wrap\">\n\t\t\t\t\t\t\t<\/div>\n\t\t<\/div>\n\t\t\t\t<div class=\"elementor-column elementor-col-33 elementor-top-column elementor-element elementor-element-1ca627b\" data-id=\"1ca627b\" data-element_type=\"column\" data-e-type=\"column\">\n\t\t\t<div class=\"elementor-widget-wrap elementor-element-populated\">\n\t\t\t\t\t\t<section class=\"elementor-section elementor-inner-section elementor-element elementor-element-8b72370 elementor-section-boxed elementor-section-height-default elementor-section-height-default\" data-id=\"8b72370\" data-element_type=\"section\" data-e-type=\"section\">\n\t\t\t\t\t\t<div class=\"elementor-container elementor-column-gap-default\">\n\t\t\t\t\t<div class=\"elementor-column elementor-col-50 elementor-inner-column elementor-element elementor-element-4252fa4\" data-id=\"4252fa4\" data-element_type=\"column\" data-e-type=\"column\">\n\t\t\t<div class=\"elementor-widget-wrap elementor-element-populated\">\n\t\t\t\t\t\t<div class=\"elementor-element elementor-element-a8457a0 elementor-widget elementor-widget-image\" data-id=\"a8457a0\" data-element_type=\"widget\" data-e-type=\"widget\" data-widget_type=\"image.default\">\n\t\t\t\t<div class=\"elementor-widget-container\">\n\t\t\t\t\t\t\t\t\t\t\t\t\t\t\t<img fetchpriority=\"high\" decoding=\"async\" width=\"1600\" height=\"777\" src=\"https:\/\/jezierzyce.com\/wp-content\/uploads\/2020\/05\/WhatsApp-Image-2020-05-23-at-12.03.14-1.jpeg\" class=\"attachment-full size-full wp-image-490\" alt=\"\" srcset=\"https:\/\/jezierzyce.com\/wp-content\/uploads\/2020\/05\/WhatsApp-Image-2020-05-23-at-12.03.14-1.jpeg 1600w, https:\/\/jezierzyce.com\/wp-content\/uploads\/2020\/05\/WhatsApp-Image-2020-05-23-at-12.03.14-1-300x146.jpeg 300w, https:\/\/jezierzyce.com\/wp-content\/uploads\/2020\/05\/WhatsApp-Image-2020-05-23-at-12.03.14-1-1024x497.jpeg 1024w, https:\/\/jezierzyce.com\/wp-content\/uploads\/2020\/05\/WhatsApp-Image-2020-05-23-at-12.03.14-1-768x373.jpeg 768w, https:\/\/jezierzyce.com\/wp-content\/uploads\/2020\/05\/WhatsApp-Image-2020-05-23-at-12.03.14-1-1536x746.jpeg 1536w\" sizes=\"(max-width: 1600px) 100vw, 1600px\" \/>\t\t\t\t\t\t\t\t\t\t\t\t\t\t\t<\/div>\n\t\t\t\t<\/div>\n\t\t\t\t\t<\/div>\n\t\t<\/div>\n\t\t\t\t<div class=\"elementor-column elementor-col-50 elementor-inner-column elementor-element elementor-element-ef06714\" data-id=\"ef06714\" data-element_type=\"column\" data-e-type=\"column\">\n\t\t\t<div class=\"elementor-widget-wrap elementor-element-populated\">\n\t\t\t\t\t\t<div class=\"elementor-element elementor-element-d609aa7 elementor-widget elementor-widget-heading\" data-id=\"d609aa7\" data-element_type=\"widget\" data-e-type=\"widget\" data-widget_type=\"heading.default\">\n\t\t\t\t<div class=\"elementor-widget-container\">\n\t\t\t\t\t<h2 class=\"elementor-heading-title elementor-size-default\">Recreational houses and guest rooms<\/h2>\t\t\t\t<\/div>\n\t\t\t\t<\/div>\n\t\t\t\t<div class=\"elementor-element elementor-element-04acfaf elementor-widget-divider--view-line elementor-widget elementor-widget-divider\" data-id=\"04acfaf\" data-element_type=\"widget\" data-e-type=\"widget\" data-widget_type=\"divider.default\">\n\t\t\t\t<div class=\"elementor-widget-container\">\n\t\t\t\t\t\t\t<div class=\"elementor-divider\">\n\t\t\t<span class=\"elementor-divider-separator\">\n\t\t\t\t\t\t<\/span>\n\t\t<\/div>\n\t\t\t\t\t\t<\/div>\n\t\t\t\t<\/div>\n\t\t\t\t<div class=\"elementor-element elementor-element-1e7d9b9 elementor-widget elementor-widget-text-editor\" data-id=\"1e7d9b9\" data-element_type=\"widget\" data-e-type=\"widget\" data-widget_type=\"text-editor.default\">\n\t\t\t\t<div class=\"elementor-widget-container\">\n\t\t\t\t\t\t\t\t\t<p>It is also possible to rent 4 exclusive, 6-bed recreational houses and 2 3, 4-bed guest rooms. There is nothing better than an evening rest in a soft bed, with a mug of coffee (or tea) and the beautiful sound of the forest, which comes to life just in the evening.&nbsp;<\/p>\t\t\t\t\t\t\t\t<\/div>\n\t\t\t\t<\/div>\n\t\t\t\t<div class=\"elementor-element elementor-element-d1be01a elementor-widget elementor-widget-text-editor\" data-id=\"d1be01a\" data-element_type=\"widget\" data-e-type=\"widget\" data-widget_type=\"text-editor.default\">\n\t\t\t\t<div class=\"elementor-widget-container\">\n\t\t\t\t\t\t\t\t\t<p>Cottages and rooms are fully equipped: TV, beds, kettle, shower ... we can easily accommodate everyone.<\/p>\t\t\t\t\t\t\t\t<\/div>\n\t\t\t\t<\/div>\n\t\t\t\t\t<\/div>\n\t\t<\/div>\n\t\t\t\t\t<\/div>\n\t\t<\/section>\n\t\t\t\t\t<\/div>\n\t\t<\/div>\n\t\t\t\t<div class=\"elementor-column elementor-col-33 elementor-top-column elementor-element elementor-element-92a5c23\" data-id=\"92a5c23\" data-element_type=\"column\" data-e-type=\"column\">\n\t\t\t<div class=\"elementor-widget-wrap\">\n\t\t\t\t\t\t\t<\/div>\n\t\t<\/div>\n\t\t\t\t\t<\/div>\n\t\t<\/section>\n\t\t\t\t<section class=\"elementor-section elementor-top-section elementor-element elementor-element-600550b elementor-section-stretched elementor-section-boxed elementor-section-height-default elementor-section-height-default\" data-id=\"600550b\" data-element_type=\"section\" data-e-type=\"section\" data-settings=\"{&quot;stretch_section&quot;:&quot;section-stretched&quot;}\">\n\t\t\t\t\t\t\t<div class=\"elementor-background-overlay\"><\/div>\n\t\t\t\t\t\t\t<div class=\"elementor-container elementor-column-gap-default\">\n\t\t\t\t\t<div class=\"elementor-column elementor-col-33 elementor-top-column elementor-element elementor-element-a19bffc\" data-id=\"a19bffc\" data-element_type=\"column\" data-e-type=\"column\">\n\t\t\t<div class=\"elementor-widget-wrap\">\n\t\t\t\t\t\t\t<\/div>\n\t\t<\/div>\n\t\t\t\t<div class=\"elementor-column elementor-col-33 elementor-top-column elementor-element elementor-element-530f8d2\" data-id=\"530f8d2\" data-element_type=\"column\" data-e-type=\"column\">\n\t\t\t<div class=\"elementor-widget-wrap elementor-element-populated\">\n\t\t\t\t\t\t<section class=\"elementor-section elementor-inner-section elementor-element elementor-element-3102718 elementor-section-boxed elementor-section-height-default elementor-section-height-default\" data-id=\"3102718\" data-element_type=\"section\" data-e-type=\"section\">\n\t\t\t\t\t\t<div class=\"elementor-container elementor-column-gap-default\">\n\t\t\t\t\t<div class=\"elementor-column elementor-col-50 elementor-inner-column elementor-element elementor-element-fa2e513\" data-id=\"fa2e513\" data-element_type=\"column\" data-e-type=\"column\">\n\t\t\t<div class=\"elementor-widget-wrap elementor-element-populated\">\n\t\t\t\t\t\t<div class=\"elementor-element elementor-element-8d728f0 elementor-widget elementor-widget-heading\" data-id=\"8d728f0\" data-element_type=\"widget\" data-e-type=\"widget\" data-widget_type=\"heading.default\">\n\t\t\t\t<div class=\"elementor-widget-container\">\n\t\t\t\t\t<h2 class=\"elementor-heading-title elementor-size-default\">Camper filed<\/h2>\t\t\t\t<\/div>\n\t\t\t\t<\/div>\n\t\t\t\t<div class=\"elementor-element elementor-element-e14cf73 elementor-widget-divider--view-line elementor-widget elementor-widget-divider\" data-id=\"e14cf73\" data-element_type=\"widget\" data-e-type=\"widget\" data-widget_type=\"divider.default\">\n\t\t\t\t<div class=\"elementor-widget-container\">\n\t\t\t\t\t\t\t<div class=\"elementor-divider\">\n\t\t\t<span class=\"elementor-divider-separator\">\n\t\t\t\t\t\t<\/span>\n\t\t<\/div>\n\t\t\t\t\t\t<\/div>\n\t\t\t\t<\/div>\n\t\t\t\t<div class=\"elementor-element elementor-element-532e767 elementor-widget elementor-widget-text-editor\" data-id=\"532e767\" data-element_type=\"widget\" data-e-type=\"widget\" data-widget_type=\"text-editor.default\">\n\t\t\t\t<div class=\"elementor-widget-container\">\n\t\t\t\t\t\t\t\t\t<p>Here you can pitch a tent or put a caravan or camper with the possibility of using electricity and a washroom with warm water and indulge in blissful laziness. All worries and fatigue are lost in the rush of bulrush and Jezierzyce forests.&nbsp;<\/p>\t\t\t\t\t\t\t\t<\/div>\n\t\t\t\t<\/div>\n\t\t\t\t<div class=\"elementor-element elementor-element-2aa5305 elementor-widget elementor-widget-text-editor\" data-id=\"2aa5305\" data-element_type=\"widget\" data-e-type=\"widget\" data-widget_type=\"text-editor.default\">\n\t\t\t\t<div class=\"elementor-widget-container\">\n\t\t\t\t\t\t\t\t\tThe smell of the sun-warmed tent, the creaking of rubber mattresses, the taste of pasta cooked on a gas stove and in the morning the birds twitter. What more do you need to be happy? Well, maybe a good grilled black pudding.\t\t\t\t\t\t\t\t<\/div>\n\t\t\t\t<\/div>\n\t\t\t\t\t<\/div>\n\t\t<\/div>\n\t\t\t\t<div class=\"elementor-column elementor-col-50 elementor-inner-column elementor-element elementor-element-f7c529e\" data-id=\"f7c529e\" data-element_type=\"column\" data-e-type=\"column\">\n\t\t\t<div class=\"elementor-widget-wrap elementor-element-populated\">\n\t\t\t\t\t\t<div class=\"elementor-element elementor-element-fc11ee6 elementor-widget elementor-widget-image\" data-id=\"fc11ee6\" data-element_type=\"widget\" data-e-type=\"widget\" data-widget_type=\"image.default\">\n\t\t\t\t<div class=\"elementor-widget-container\">\n\t\t\t\t\t\t\t\t\t\t\t\t\t\t\t<img decoding=\"async\" width=\"1024\" height=\"685\" src=\"https:\/\/jezierzyce.com\/wp-content\/uploads\/2020\/05\/tent-at-woolly-hollow-tent-camping-3886077-1024x685.jpg\" class=\"attachment-large size-large wp-image-664\" alt=\"tent at woolly hollow, tent, camping\" srcset=\"https:\/\/jezierzyce.com\/wp-content\/uploads\/2020\/05\/tent-at-woolly-hollow-tent-camping-3886077-1024x685.jpg 1024w, https:\/\/jezierzyce.com\/wp-content\/uploads\/2020\/05\/tent-at-woolly-hollow-tent-camping-3886077-300x201.jpg 300w, https:\/\/jezierzyce.com\/wp-content\/uploads\/2020\/05\/tent-at-woolly-hollow-tent-camping-3886077-768x514.jpg 768w, https:\/\/jezierzyce.com\/wp-content\/uploads\/2020\/05\/tent-at-woolly-hollow-tent-camping-3886077.jpg 1280w\" sizes=\"(max-width: 1024px) 100vw, 1024px\" \/>\t\t\t\t\t\t\t\t\t\t\t\t\t\t\t<\/div>\n\t\t\t\t<\/div>\n\t\t\t\t\t<\/div>\n\t\t<\/div>\n\t\t\t\t\t<\/div>\n\t\t<\/section>\n\t\t\t\t\t<\/div>\n\t\t<\/div>\n\t\t\t\t<div class=\"elementor-column elementor-col-33 elementor-top-column elementor-element elementor-element-0c80197\" data-id=\"0c80197\" data-element_type=\"column\" data-e-type=\"column\">\n\t\t\t<div class=\"elementor-widget-wrap\">\n\t\t\t\t\t\t\t<\/div>\n\t\t<\/div>\n\t\t\t\t\t<\/div>\n\t\t<\/section>\n\t\t\t\t<\/div>","protected":false},"excerpt":{"rendered":"<p>Nocleg Domki rekreacyjne i pokoje go\u015bcinne Istnieje u nas r\u00f3wnie\u017c mo\u017cliwo\u015b\u0107 wynaj\u0119cia 4 ekskluzywnych, 6-osobowych domk\u00f3w rekreacyjnych i 2 3, 4-osobowych pokoi go\u015bcinnych. Nie ma nic lepszego ni\u017c wieczorny wypoczynek w mi\u0119kkim \u0142\u00f3\u017cku, z kubkiem kawy (lub herbaty) i pi\u0119knym d\u017awi\u0119kiem lasu, kt\u00f3ry budzi si\u0119 do \u017cycia w\u0142a\u015bnie wieczorem.&nbsp; Domki i pokoje s\u0105 w pe\u0142ni [&hellip;]<\/p>\n","protected":false},"author":1,"featured_media":0,"parent":0,"menu_order":0,"comment_status":"closed","ping_status":"closed","template":"","meta":{"site-sidebar-layout":"no-sidebar","site-content-layout":"page-builder","ast-site-content-layout":"default","site-content-style":"default","site-sidebar-style":"default","ast-global-header-display":"","ast-banner-title-visibility":"","ast-main-header-display":"","ast-hfb-above-header-display":"","ast-hfb-below-header-display":"","ast-hfb-mobile-header-display":"","site-post-title":"disabled","ast-breadcrumbs-content":"","ast-featured-img":"disabled","footer-sml-layout":"","ast-disable-related-posts":"","theme-transparent-header-meta":"enabled","adv-header-id-meta":"","stick-header-meta":"","header-above-stick-meta":"","header-main-stick-meta":"","header-below-stick-meta":"","astra-migrate-meta-layouts":"default","ast-page-background-enabled":"default","ast-page-background-meta":{"desktop":{"background-color":"","background-image":"","background-repeat":"repeat","background-position":"center center","background-size":"auto","background-attachment":"scroll","background-type":"","background-media":"","overlay-type":"","overlay-color":"","overlay-opacity":"","overlay-gradient":""},"tablet":{"background-color":"","background-image":"","background-repeat":"repeat","background-position":"center center","background-size":"auto","background-attachment":"scroll","background-type":"","background-media":"","overlay-type":"","overlay-color":"","overlay-opacity":"","overlay-gradient":""},"mobile":{"background-color":"","background-image":"","background-repeat":"repeat","background-position":"center center","background-size":"auto","background-attachment":"scroll","background-type":"","background-media":"","overlay-type":"","overlay-color":"","overlay-opacity":"","overlay-gradient":""}},"ast-content-background-meta":{"desktop":{"background-color":"var(--ast-global-color-5)","background-image":"","background-repeat":"repeat","background-position":"center center","background-size":"auto","background-attachment":"scroll","background-type":"","background-media":"","overlay-type":"","overlay-color":"","overlay-opacity":"","overlay-gradient":""},"tablet":{"background-color":"var(--ast-global-color-5)","background-image":"","background-repeat":"repeat","background-position":"center center","background-size":"auto","background-attachment":"scroll","background-type":"","background-media":"","overlay-type":"","overlay-color":"","overlay-opacity":"","overlay-gradient":""},"mobile":{"background-color":"var(--ast-global-color-5)","background-image":"","background-repeat":"repeat","background-position":"center center","background-size":"auto","background-attachment":"scroll","background-type":"","background-media":"","overlay-type":"","overlay-color":"","overlay-opacity":"","overlay-gradient":""}},"footnotes":""},"class_list":["post-12","page","type-page","status-publish","hentry"],"yoast_head":"<!-- This site is optimized with the Yoast SEO plugin v27.3 - https:\/\/yoast.com\/product\/yoast-seo-wordpress\/ -->\n<title>Nocleg &#8211; jezierzyce.com<\/title>\n<meta name=\"robots\" content=\"index, follow, max-snippet:-1, max-image-preview:large, max-video-preview:-1\" \/>\n<link rel=\"canonical\" href=\"https:\/\/jezierzyce.com\/en\/nocleg\/\" \/>\n<meta property=\"og:locale\" content=\"en_US\" \/>\n<meta property=\"og:type\" content=\"article\" \/>\n<meta property=\"og:title\" content=\"Nocleg &#8211; jezierzyce.com\" \/>\n<meta property=\"og:description\" content=\"Nocleg Domki rekreacyjne i pokoje go\u015bcinne Istnieje u nas r\u00f3wnie\u017c mo\u017cliwo\u015b\u0107 wynaj\u0119cia 4 ekskluzywnych, 6-osobowych domk\u00f3w rekreacyjnych i 2 3, 4-osobowych pokoi go\u015bcinnych. Nie ma nic lepszego ni\u017c wieczorny wypoczynek w mi\u0119kkim \u0142\u00f3\u017cku, z kubkiem kawy (lub herbaty) i pi\u0119knym d\u017awi\u0119kiem lasu, kt\u00f3ry budzi si\u0119 do \u017cycia w\u0142a\u015bnie wieczorem.&nbsp; Domki i pokoje s\u0105 w pe\u0142ni [&hellip;]\" \/>\n<meta property=\"og:url\" content=\"https:\/\/jezierzyce.com\/en\/nocleg\/\" \/>\n<meta property=\"og:site_name\" content=\"jezierzyce.com\" \/>\n<meta property=\"article:publisher\" content=\"https:\/\/www.facebook.com\/FISHING-RELAX-Szczecin-Jezierzyce-154578331268668\/\" \/>\n<meta property=\"article:modified_time\" content=\"2020-10-01T09:40:17+00:00\" \/>\n<meta property=\"og:image\" content=\"https:\/\/jezierzyce.com\/wp-content\/uploads\/2020\/05\/WhatsApp-Image-2020-05-23-at-12.03.14-1.jpeg\" \/>\n<meta name=\"twitter:card\" content=\"summary_large_image\" \/>\n<meta name=\"twitter:label1\" content=\"Est. reading time\" \/>\n\t<meta name=\"twitter:data1\" content=\"1 minute\" \/>\n<script type=\"application\/ld+json\" class=\"yoast-schema-graph\">{\"@context\":\"https:\\\/\\\/schema.org\",\"@graph\":[{\"@type\":\"WebPage\",\"@id\":\"https:\\\/\\\/jezierzyce.com\\\/nocleg\\\/\",\"url\":\"https:\\\/\\\/jezierzyce.com\\\/nocleg\\\/\",\"name\":\"Nocleg &#8211; jezierzyce.com\",\"isPartOf\":{\"@id\":\"https:\\\/\\\/jezierzyce.com\\\/#website\"},\"primaryImageOfPage\":{\"@id\":\"https:\\\/\\\/jezierzyce.com\\\/nocleg\\\/#primaryimage\"},\"image\":{\"@id\":\"https:\\\/\\\/jezierzyce.com\\\/nocleg\\\/#primaryimage\"},\"thumbnailUrl\":\"https:\\\/\\\/jezierzyce.com\\\/wp-content\\\/uploads\\\/2020\\\/05\\\/WhatsApp-Image-2020-05-23-at-12.03.14-1.jpeg\",\"datePublished\":\"2018-11-27T09:17:28+00:00\",\"dateModified\":\"2020-10-01T09:40:17+00:00\",\"breadcrumb\":{\"@id\":\"https:\\\/\\\/jezierzyce.com\\\/nocleg\\\/#breadcrumb\"},\"inLanguage\":\"en-US\",\"potentialAction\":[{\"@type\":\"ReadAction\",\"target\":[\"https:\\\/\\\/jezierzyce.com\\\/nocleg\\\/\"]}]},{\"@type\":\"ImageObject\",\"inLanguage\":\"en-US\",\"@id\":\"https:\\\/\\\/jezierzyce.com\\\/nocleg\\\/#primaryimage\",\"url\":\"https:\\\/\\\/jezierzyce.com\\\/wp-content\\\/uploads\\\/2020\\\/05\\\/WhatsApp-Image-2020-05-23-at-12.03.14-1.jpeg\",\"contentUrl\":\"https:\\\/\\\/jezierzyce.com\\\/wp-content\\\/uploads\\\/2020\\\/05\\\/WhatsApp-Image-2020-05-23-at-12.03.14-1.jpeg\"},{\"@type\":\"BreadcrumbList\",\"@id\":\"https:\\\/\\\/jezierzyce.com\\\/nocleg\\\/#breadcrumb\",\"itemListElement\":[{\"@type\":\"ListItem\",\"position\":1,\"name\":\"Strona g\u0142\u00f3wna\",\"item\":\"https:\\\/\\\/jezierzyce.com\\\/\"},{\"@type\":\"ListItem\",\"position\":2,\"name\":\"Nocleg\"}]},{\"@type\":\"WebSite\",\"@id\":\"https:\\\/\\\/jezierzyce.com\\\/#website\",\"url\":\"https:\\\/\\\/jezierzyce.com\\\/\",\"name\":\"jezierzyce.com\",\"description\":\"Stawy w dolinie P\u0142oni\",\"publisher\":{\"@id\":\"https:\\\/\\\/jezierzyce.com\\\/#organization\"},\"potentialAction\":[{\"@type\":\"SearchAction\",\"target\":{\"@type\":\"EntryPoint\",\"urlTemplate\":\"https:\\\/\\\/jezierzyce.com\\\/?s={search_term_string}\"},\"query-input\":{\"@type\":\"PropertyValueSpecification\",\"valueRequired\":true,\"valueName\":\"search_term_string\"}}],\"inLanguage\":\"en-US\"},{\"@type\":\"Organization\",\"@id\":\"https:\\\/\\\/jezierzyce.com\\\/#organization\",\"name\":\"Fishing-Relax Szczecin-Jezierzyce\",\"url\":\"https:\\\/\\\/jezierzyce.com\\\/\",\"logo\":{\"@type\":\"ImageObject\",\"inLanguage\":\"en-US\",\"@id\":\"https:\\\/\\\/jezierzyce.com\\\/#\\\/schema\\\/logo\\\/image\\\/\",\"url\":\"https:\\\/\\\/jezierzyce.com\\\/wp-content\\\/uploads\\\/2020\\\/05\\\/logo_male.png\",\"contentUrl\":\"https:\\\/\\\/jezierzyce.com\\\/wp-content\\\/uploads\\\/2020\\\/05\\\/logo_male.png\",\"width\":200,\"height\":188,\"caption\":\"Fishing-Relax Szczecin-Jezierzyce\"},\"image\":{\"@id\":\"https:\\\/\\\/jezierzyce.com\\\/#\\\/schema\\\/logo\\\/image\\\/\"},\"sameAs\":[\"https:\\\/\\\/www.facebook.com\\\/FISHING-RELAX-Szczecin-Jezierzyce-154578331268668\\\/\"]}]}<\/script>\n<!-- \/ Yoast SEO plugin. -->","yoast_head_json":{"title":"Nocleg &#8211; jezierzyce.com","robots":{"index":"index","follow":"follow","max-snippet":"max-snippet:-1","max-image-preview":"max-image-preview:large","max-video-preview":"max-video-preview:-1"},"canonical":"https:\/\/jezierzyce.com\/en\/nocleg\/","og_locale":"en_US","og_type":"article","og_title":"Nocleg &#8211; jezierzyce.com","og_description":"Nocleg Domki rekreacyjne i pokoje go\u015bcinne Istnieje u nas r\u00f3wnie\u017c mo\u017cliwo\u015b\u0107 wynaj\u0119cia 4 ekskluzywnych, 6-osobowych domk\u00f3w rekreacyjnych i 2 3, 4-osobowych pokoi go\u015bcinnych. Nie ma nic lepszego ni\u017c wieczorny wypoczynek w mi\u0119kkim \u0142\u00f3\u017cku, z kubkiem kawy (lub herbaty) i pi\u0119knym d\u017awi\u0119kiem lasu, kt\u00f3ry budzi si\u0119 do \u017cycia w\u0142a\u015bnie wieczorem.&nbsp; Domki i pokoje s\u0105 w pe\u0142ni [&hellip;]","og_url":"https:\/\/jezierzyce.com\/en\/nocleg\/","og_site_name":"jezierzyce.com","article_publisher":"https:\/\/www.facebook.com\/FISHING-RELAX-Szczecin-Jezierzyce-154578331268668\/","article_modified_time":"2020-10-01T09:40:17+00:00","og_image":[{"url":"https:\/\/jezierzyce.com\/wp-content\/uploads\/2020\/05\/WhatsApp-Image-2020-05-23-at-12.03.14-1.jpeg","type":"","width":"","height":""}],"twitter_card":"summary_large_image","twitter_misc":{"Est. reading time":"1 minute"},"schema":{"@context":"https:\/\/schema.org","@graph":[{"@type":"WebPage","@id":"https:\/\/jezierzyce.com\/nocleg\/","url":"https:\/\/jezierzyce.com\/nocleg\/","name":"Nocleg &#8211; jezierzyce.com","isPartOf":{"@id":"https:\/\/jezierzyce.com\/#website"},"primaryImageOfPage":{"@id":"https:\/\/jezierzyce.com\/nocleg\/#primaryimage"},"image":{"@id":"https:\/\/jezierzyce.com\/nocleg\/#primaryimage"},"thumbnailUrl":"https:\/\/jezierzyce.com\/wp-content\/uploads\/2020\/05\/WhatsApp-Image-2020-05-23-at-12.03.14-1.jpeg","datePublished":"2018-11-27T09:17:28+00:00","dateModified":"2020-10-01T09:40:17+00:00","breadcrumb":{"@id":"https:\/\/jezierzyce.com\/nocleg\/#breadcrumb"},"inLanguage":"en-US","potentialAction":[{"@type":"ReadAction","target":["https:\/\/jezierzyce.com\/nocleg\/"]}]},{"@type":"ImageObject","inLanguage":"en-US","@id":"https:\/\/jezierzyce.com\/nocleg\/#primaryimage","url":"https:\/\/jezierzyce.com\/wp-content\/uploads\/2020\/05\/WhatsApp-Image-2020-05-23-at-12.03.14-1.jpeg","contentUrl":"https:\/\/jezierzyce.com\/wp-content\/uploads\/2020\/05\/WhatsApp-Image-2020-05-23-at-12.03.14-1.jpeg"},{"@type":"BreadcrumbList","@id":"https:\/\/jezierzyce.com\/nocleg\/#breadcrumb","itemListElement":[{"@type":"ListItem","position":1,"name":"Strona g\u0142\u00f3wna","item":"https:\/\/jezierzyce.com\/"},{"@type":"ListItem","position":2,"name":"Nocleg"}]},{"@type":"WebSite","@id":"https:\/\/jezierzyce.com\/#website","url":"https:\/\/jezierzyce.com\/","name":"jezierzyce.com","description":"Ponds in the valley of P\u0142onia","publisher":{"@id":"https:\/\/jezierzyce.com\/#organization"},"potentialAction":[{"@type":"SearchAction","target":{"@type":"EntryPoint","urlTemplate":"https:\/\/jezierzyce.com\/?s={search_term_string}"},"query-input":{"@type":"PropertyValueSpecification","valueRequired":true,"valueName":"search_term_string"}}],"inLanguage":"en-US"},{"@type":"Organization","@id":"https:\/\/jezierzyce.com\/#organization","name":"Fishing-Relax Szczecin-Jezierzyce","url":"https:\/\/jezierzyce.com\/","logo":{"@type":"ImageObject","inLanguage":"en-US","@id":"https:\/\/jezierzyce.com\/#\/schema\/logo\/image\/","url":"https:\/\/jezierzyce.com\/wp-content\/uploads\/2020\/05\/logo_male.png","contentUrl":"https:\/\/jezierzyce.com\/wp-content\/uploads\/2020\/05\/logo_male.png","width":200,"height":188,"caption":"Fishing-Relax Szczecin-Jezierzyce"},"image":{"@id":"https:\/\/jezierzyce.com\/#\/schema\/logo\/image\/"},"sameAs":["https:\/\/www.facebook.com\/FISHING-RELAX-Szczecin-Jezierzyce-154578331268668\/"]}]}},"_links":{"self":[{"href":"https:\/\/jezierzyce.com\/en\/wp-json\/wp\/v2\/pages\/12","targetHints":{"allow":["GET"]}}],"collection":[{"href":"https:\/\/jezierzyce.com\/en\/wp-json\/wp\/v2\/pages"}],"about":[{"href":"https:\/\/jezierzyce.com\/en\/wp-json\/wp\/v2\/types\/page"}],"author":[{"embeddable":true,"href":"https:\/\/jezierzyce.com\/en\/wp-json\/wp\/v2\/users\/1"}],"replies":[{"embeddable":true,"href":"https:\/\/jezierzyce.com\/en\/wp-json\/wp\/v2\/comments?post=12"}],"version-history":[{"count":6,"href":"https:\/\/jezierzyce.com\/en\/wp-json\/wp\/v2\/pages\/12\/revisions"}],"predecessor-version":[{"id":787,"href":"https:\/\/jezierzyce.com\/en\/wp-json\/wp\/v2\/pages\/12\/revisions\/787"}],"wp:attachment":[{"href":"https:\/\/jezierzyce.com\/en\/wp-json\/wp\/v2\/media?parent=12"}],"curies":[{"name":"wp","href":"https:\/\/api.w.org\/{rel}","templated":true}]}}